{"id":5,"date":"2018-10-30T13:27:26","date_gmt":"2018-10-30T13:27:26","guid":{"rendered":"https:\/\/tsv.designyourit.de\/home-2\/"},"modified":"2025-04-16T08:16:19","modified_gmt":"2025-04-16T08:16:19","slug":"tennisabteilung","status":"publish","type":"page","link":"https:\/\/www.tsv-bebra.de\/tennis\/","title":{"rendered":"Tennisabteilung"},"content":{"rendered":"<div class=\"wpb-content-wrapper\"><p>[vc_row full_width=&#8220;stretch_row&#8220;][vc_column width=&#8220;3\/5&#8243;][vc_column_text css=&#8220;&#8220;]<\/p>\n<h2>Herzlich willkommen<br \/>\nin der Tennisabteilung des TSV Bebra!<\/h2>\n<p>Wir sind mehr als nur ein Sportverein \u2013 wir sind eine Gemeinschaft, die Sport, Spa\u00df und Teamgeist miteinander verbindet.<\/p>\n<p>Egal, ob Du Deine sportlichen F\u00e4higkeiten verbessern, Deine Gesundheit f\u00f6rdern oder einfach neue Leute kennenlernen m\u00f6chtest, bei uns bist Du genau richtig!<\/p>\n<p>Wir sind ein dynamisches Team, das sich auf die F\u00f6rderung des Tennissports in Bebra konzentriert.<\/p>\n<p>Die Tennisabteilung des TSV Bebra freut sich darauf Dich zu begr\u00fc\u00dfen! Wir sind ein Teil des traditionsreichen TSV Bebra und bieten Dir eine Plattform, um Deine Leidenschaft f\u00fcr den Tennissport auszuleben.<\/p>\n<p>Doch bei uns geht es nicht nur um Sport \u2013 unsere regelm\u00e4\u00dfigen Vereinsabende, Turniere und Veranstaltungen sorgen daf\u00fcr, dass niemand auf der Strecke bleibt. Ob auf dem Spielfeld oder bei einem geselligen Treffen, wir leben Gemeinschaft und Zusammenhalt.<br \/>\nSchau doch einfach mal bei uns vorbei und werde Teil unserer Sportfamilie.<\/p>\n<p>Wir freuen uns darauf, Dich kennenzulernen und gemeinsam aktiv zu werden!<\/p>\n<p>Mit sportlichen Gr\u00fc\u00dfen,<br \/>\ndie Tennisabteilung des TSV Bebra<\/p>\n<p>&nbsp;<\/p>\n<p>&nbsp;[\/vc_column_text][\/vc_column][vc_column css_animation=&#8220;fadeInRight&#8220; width=&#8220;2\/5&#8243;][vc_masonry_media_grid element_width=&#8220;6&#8243; gap=&#8220;10&#8243; item=&#8220;masonryMedia_BorderedScale&#8220; css=&#8220;&#8220; initial_loading_animation=&#8220;fadeIn&#8220; grid_id=&#8220;vc_gid:1744790951391-c8bbbcff-59c4-3&#8243; include=&#8220;4400,3917,4397,4404,4406,3983,4399&#8243;][\/vc_column][\/vc_row][vc_row][vc_column][vc_column_text css=&#8220;&#8220;]<\/p>\n<h2>Unsere Sponsoren<\/h2>\n<p>&nbsp;[\/vc_column_text]<style type=\"text\/css\" data-type=\"the7_shortcodes-inline-css\">.photos-carousel-shortcode-id-6421797c6813dfe6a3f81fd135fe3964.owl-carousel .owl-nav div {\n  width: 36px;\n  height: 36px;\n  border-radius: 500px;\n}\n.photos-carousel-shortcode-id-6421797c6813dfe6a3f81fd135fe3964.owl-carousel .owl-nav div:before,\n.photos-carousel-shortcode-id-6421797c6813dfe6a3f81fd135fe3964.owl-carousel .owl-nav div:after {\n  border-width: 0px;\n}\n.photos-carousel-shortcode-id-6421797c6813dfe6a3f81fd135fe3964.owl-carousel .owl-nav div.owl-prev {\n  top: 50%;\n  transform: translateY(calc(-50% + 0px));\n  left: -43px;\n}\n@media all and (-ms-high-contrast: none) {\n  .photos-carousel-shortcode-id-6421797c6813dfe6a3f81fd135fe3964.owl-carousel .owl-nav div.owl-prev {\n    transform: translateY(-50%);\n    margin-top: 0px;\n  }\n}\n.photos-carousel-shortcode-id-6421797c6813dfe6a3f81fd135fe3964.owl-carousel .owl-nav div.owl-prev i {\n  padding: 0px 0px 0px 0px;\n}\n.photos-carousel-shortcode-id-6421797c6813dfe6a3f81fd135fe3964.owl-carousel .owl-nav div.owl-next {\n  top: 50%;\n  transform: translateY(calc(-50% + 0px));\n  right: -43px;\n}\n@media all and (-ms-high-contrast: none) {\n  .photos-carousel-shortcode-id-6421797c6813dfe6a3f81fd135fe3964.owl-carousel .owl-nav div.owl-next {\n    transform: translateY(-50%);\n    margin-top: 0px;\n  }\n}\n.photos-carousel-shortcode-id-6421797c6813dfe6a3f81fd135fe3964.owl-carousel .owl-nav div.owl-next i {\n  padding: 0px 0px 0px 0px;\n}\n.photos-carousel-shortcode-id-6421797c6813dfe6a3f81fd135fe3964.owl-carousel .owl-nav i {\n  font-size: 18px;\n}\n.photos-carousel-shortcode-id-6421797c6813dfe6a3f81fd135fe3964.owl-carousel .owl-nav div:not(:hover) i,\n.photos-carousel-shortcode-id-6421797c6813dfe6a3f81fd135fe3964.owl-carousel .owl-nav div:not(:hover) i:before {\n  color: #ffffff;\n  background: none;\n}\n.photos-carousel-shortcode-id-6421797c6813dfe6a3f81fd135fe3964.owl-carousel .owl-nav div:hover i,\n.photos-carousel-shortcode-id-6421797c6813dfe6a3f81fd135fe3964.owl-carousel .owl-nav div:hover i:before {\n  color: rgba(255,255,255,0.75);\n  background: none;\n}\n.photos-carousel-shortcode-id-6421797c6813dfe6a3f81fd135fe3964 .owl-dots {\n  top: calc(100% + 20px);\n  left: 50%;\n  transform: translateX(calc(-50% + 0px));\n}\n@media all and (-ms-high-contrast: none) {\n  .photos-carousel-shortcode-id-6421797c6813dfe6a3f81fd135fe3964 .owl-dots {\n    transform: translateX(-50%);\n    margin-left: 0px;\n  }\n}\n.photos-carousel-shortcode-id-6421797c6813dfe6a3f81fd135fe3964 .owl-dot {\n  width: 10px;\n  height: 10px;\n  margin: 0 8px;\n}\n@media screen and (max-width: 778px) {\n  .photos-carousel-shortcode-id-6421797c6813dfe6a3f81fd135fe3964.hide-arrows.owl-carousel .owl-nav a {\n    display: none;\n  }\n}\n@media screen and (max-width: 778px) {\n  .photos-carousel-shortcode-id-6421797c6813dfe6a3f81fd135fe3964.reposition-arrows.owl-carousel .owl-nav .owl-prev {\n    top: 50%;\n    transform: translateY(calc(-50% + 0px));\n    left: 10px;\n  }\n  .photos-carousel-shortcode-id-6421797c6813dfe6a3f81fd135fe3964.reposition-arrows.owl-carousel .owl-nav .owl-next {\n    top: 50%;\n    transform: translateY(calc(-50% + 0px));\n    right: 10px;\n  }\n}\n@media screen and (max-width: 778px) and all and (-ms-high-contrast: none) {\n  .photos-carousel-shortcode-id-6421797c6813dfe6a3f81fd135fe3964.reposition-arrows.owl-carousel .owl-nav .owl-prev {\n    transform: translateY(-50%);\n    margin-top: 0px;\n  }\n}\n@media screen and (max-width: 778px) and all and (-ms-high-contrast: none) {\n  .photos-carousel-shortcode-id-6421797c6813dfe6a3f81fd135fe3964.reposition-arrows.owl-carousel .owl-nav .owl-next {\n    transform: translateY(-50%);\n    margin-top: 0px;\n  }\n}\n.photos-carousel-shortcode-id-6421797c6813dfe6a3f81fd135fe3964 figure,\n.photos-carousel-shortcode-id-6421797c6813dfe6a3f81fd135fe3964 .rollover,\n.photos-carousel-shortcode-id-6421797c6813dfe6a3f81fd135fe3964 img,\n.photos-carousel-shortcode-id-6421797c6813dfe6a3f81fd135fe3964 .gallery-rollover {\n  border-radius: 0px;\n}\n.photos-carousel-shortcode-id-6421797c6813dfe6a3f81fd135fe3964.enable-bg-rollover .gallery-rollover {\n  background: -webkit-linear-gradient();\n  background: linear-gradient();\n}\n.photos-carousel-shortcode-id-6421797c6813dfe6a3f81fd135fe3964.enable-bg-rollover.hover-scale .rollover:after {\n  background: -webkit-linear-gradient();\n  background: linear-gradient();\n}\n.photos-carousel-shortcode-id-6421797c6813dfe6a3f81fd135fe3964.enable-img-shadow .owl-stage-outer {\n  padding: 14px 0;\n}\n.photos-carousel-shortcode-id-6421797c6813dfe6a3f81fd135fe3964.gallery-shortcode .gallery-zoom-ico {\n  width: 44px;\n  height: 44px;\n  line-height: 44px;\n  border-radius: 100px;\n  margin: -22px 0 0 -22px;\n  border-width: 0px;\n}\n.dt-icon-bg-on.photos-carousel-shortcode-id-6421797c6813dfe6a3f81fd135fe3964.gallery-shortcode .gallery-zoom-ico {\n  background: rgba(255,255,255,0.3);\n  -webkit-box-shadow: none;\n  box-shadow: none;\n}\n.photos-carousel-shortcode-id-6421797c6813dfe6a3f81fd135fe3964.gallery-shortcode .gallery-zoom-ico:before,\n.photos-carousel-shortcode-id-6421797c6813dfe6a3f81fd135fe3964.gallery-shortcode .gallery-zoom-ico span {\n  font-size: 32px;\n  line-height: 44px;\n  color: #ffffff;\n  background: none;\n}<\/style><div class=\"owl-carousel gallery-carousel-shortcode gallery-shortcode dt-gallery-container album-gallery-shortcode dt-owl-carousel-call photos-carousel-shortcode-id-6421797c6813dfe6a3f81fd135fe3964 scale-img enable-bg-rollover meta-info-off bullets-small-dot-stroke reposition-arrows dt-icon-bg-off arrows-bg-on dt-arrow-border-on dt-arrow-hover-border-on disable-arrows-hover-bg arrows-hover-bg-on  hover-fade \" data-scroll-mode=\"1\" data-col-num=\"6\" data-wide-col-num=\"6\" data-laptop-col=\"5\" data-h-tablet-columns-num=\"4\" data-v-tablet-columns-num=\"3\" data-phone-columns-num=\"1\" data-col-gap=\"10\" data-stage-padding=\"0\" data-speed=\"2000\" data-autoplay=\"true\" data-autoplay_speed=\"7000\" data-arrows=\"true\" data-bullet=\"false\" data-next-icon=\"icon-ar-005-r\" data-prev-icon=\"icon-ar-005-l\" data-img-shadow-size=\"12px\" data-img-shadow-spread=\"3px\"><article class=\"post visible post-4358 attachment type-attachment status-inherit hentry\"><a href=\"https:\/\/www.gut-bebra.de\/\" class=\"rollover-click-target rollover layzr-bg\" title=\"gut\" data-dt-img-description=\"\"  data-large_image_width=\"800\" data-large_image_height = \"600\"  target=\"_blank\"><img fetchpriority=\"high\" decoding=\"async\" class=\"preload-me owl-lazy-load aspect\" src=\"data:image\/svg+xml,%3Csvg%20xmlns%3D&#39;http%3A%2F%2Fwww.w3.org%2F2000%2Fsvg&#39;%20viewBox%3D&#39;0%200%20768%20576&#39;%2F%3E\" data-src=\"https:\/\/www.tsv-bebra.de\/tennis\/wp-content\/uploads\/2025\/04\/gut-768x576.webp\" data-srcset=\"https:\/\/www.tsv-bebra.de\/tennis\/wp-content\/uploads\/2025\/04\/gut-768x576.webp 768w, https:\/\/www.tsv-bebra.de\/tennis\/wp-content\/uploads\/2025\/04\/gut.webp 800w\" loading=\"eager\" style=\"--ratio: 768 \/ 576\" sizes=\"(max-width: 768px) 100vw, 768px\" alt=\"\" width=\"768\" height=\"576\"  \/><span class=\"gallery-rollover\"><span class=\"gallery-zoom-ico icomoon-the7-font-the7-zoom-06\"><span><\/span><\/span><\/span><\/a><\/article><article class=\"post visible post-4359 attachment type-attachment status-inherit hentry\"><a href=\"https:\/\/www.facebook.com\/hanashoflaedchen\/\" class=\"rollover-click-target rollover layzr-bg\" title=\"hana\" data-dt-img-description=\"\"  data-large_image_width=\"800\" data-large_image_height = \"600\"  target=\"_blank\"><img decoding=\"async\" class=\"preload-me owl-lazy-load aspect\" src=\"data:image\/svg+xml,%3Csvg%20xmlns%3D&#39;http%3A%2F%2Fwww.w3.org%2F2000%2Fsvg&#39;%20viewBox%3D&#39;0%200%20768%20576&#39;%2F%3E\" data-src=\"https:\/\/www.tsv-bebra.de\/tennis\/wp-content\/uploads\/2025\/04\/hana-768x576.webp\" data-srcset=\"https:\/\/www.tsv-bebra.de\/tennis\/wp-content\/uploads\/2025\/04\/hana-768x576.webp 768w, https:\/\/www.tsv-bebra.de\/tennis\/wp-content\/uploads\/2025\/04\/hana.webp 800w\" loading=\"eager\" style=\"--ratio: 768 \/ 576\" sizes=\"(max-width: 768px) 100vw, 768px\" alt=\"\" width=\"768\" height=\"576\"  \/><span class=\"gallery-rollover\"><span class=\"gallery-zoom-ico icomoon-the7-font-the7-zoom-06\"><span><\/span><\/span><\/span><\/a><\/article><article class=\"post visible post-4360 attachment type-attachment status-inherit hentry\"><a href=\"https:\/\/www.bebras-hessischer-hof.com\/\" class=\"rollover-click-target rollover layzr-bg\" title=\"hess. hof\" data-dt-img-description=\"\"  data-large_image_width=\"800\" data-large_image_height = \"600\"  target=\"_blank\"><img decoding=\"async\" class=\"preload-me owl-lazy-load aspect\" src=\"data:image\/svg+xml,%3Csvg%20xmlns%3D&#39;http%3A%2F%2Fwww.w3.org%2F2000%2Fsvg&#39;%20viewBox%3D&#39;0%200%20768%20576&#39;%2F%3E\" data-src=\"https:\/\/www.tsv-bebra.de\/tennis\/wp-content\/uploads\/2025\/04\/hess.-hof-768x576.webp\" data-srcset=\"https:\/\/www.tsv-bebra.de\/tennis\/wp-content\/uploads\/2025\/04\/hess.-hof-768x576.webp 768w, https:\/\/www.tsv-bebra.de\/tennis\/wp-content\/uploads\/2025\/04\/hess.-hof.webp 800w\" loading=\"eager\" style=\"--ratio: 768 \/ 576\" sizes=\"(max-width: 768px) 100vw, 768px\" alt=\"\" width=\"768\" height=\"576\"  \/><span class=\"gallery-rollover\"><span class=\"gallery-zoom-ico icomoon-the7-font-the7-zoom-06\"><span><\/span><\/span><\/span><\/a><\/article><article class=\"post visible post-4361 attachment type-attachment status-inherit hentry\"><a href=\"https:\/\/www.reifen-hofmann.com\/\" class=\"rollover-click-target rollover layzr-bg\" title=\"Hofmann\" data-dt-img-description=\"\"  data-large_image_width=\"800\" data-large_image_height = \"600\"  target=\"_blank\"><img decoding=\"async\" class=\"preload-me owl-lazy-load aspect\" src=\"data:image\/svg+xml,%3Csvg%20xmlns%3D&#39;http%3A%2F%2Fwww.w3.org%2F2000%2Fsvg&#39;%20viewBox%3D&#39;0%200%20768%20576&#39;%2F%3E\" data-src=\"https:\/\/www.tsv-bebra.de\/tennis\/wp-content\/uploads\/2025\/04\/Hofmann-1-768x576.webp\" data-srcset=\"https:\/\/www.tsv-bebra.de\/tennis\/wp-content\/uploads\/2025\/04\/Hofmann-1-768x576.webp 768w, https:\/\/www.tsv-bebra.de\/tennis\/wp-content\/uploads\/2025\/04\/Hofmann-1.webp 800w\" loading=\"eager\" style=\"--ratio: 768 \/ 576\" sizes=\"(max-width: 768px) 100vw, 768px\" alt=\"\" width=\"768\" height=\"576\"  \/><span class=\"gallery-rollover\"><span class=\"gallery-zoom-ico icomoon-the7-font-the7-zoom-06\"><span><\/span><\/span><\/span><\/a><\/article><article class=\"post visible post-4362 attachment type-attachment status-inherit hentry\"><a href=\"https:\/\/newcare.de\/\" class=\"rollover-click-target rollover layzr-bg\" title=\"new care\" data-dt-img-description=\"\"  data-large_image_width=\"800\" data-large_image_height = \"600\"  target=\"_blank\"><img decoding=\"async\" class=\"preload-me owl-lazy-load aspect\" src=\"data:image\/svg+xml,%3Csvg%20xmlns%3D&#39;http%3A%2F%2Fwww.w3.org%2F2000%2Fsvg&#39;%20viewBox%3D&#39;0%200%20768%20576&#39;%2F%3E\" data-src=\"https:\/\/www.tsv-bebra.de\/tennis\/wp-content\/uploads\/2025\/04\/new-care-768x576.webp\" data-srcset=\"https:\/\/www.tsv-bebra.de\/tennis\/wp-content\/uploads\/2025\/04\/new-care-768x576.webp 768w, https:\/\/www.tsv-bebra.de\/tennis\/wp-content\/uploads\/2025\/04\/new-care.webp 800w\" loading=\"eager\" style=\"--ratio: 768 \/ 576\" sizes=\"(max-width: 768px) 100vw, 768px\" alt=\"\" width=\"768\" height=\"576\"  \/><span class=\"gallery-rollover\"><span class=\"gallery-zoom-ico icomoon-the7-font-the7-zoom-06\"><span><\/span><\/span><\/span><\/a><\/article><article class=\"post visible post-4363 attachment type-attachment status-inherit hentry\"><a href=\"https:\/\/www.provaru.com\" class=\"rollover-click-target rollover layzr-bg\" title=\"provaru\" data-dt-img-description=\"\"  data-large_image_width=\"800\" data-large_image_height = \"600\"  target=\"_blank\"><img decoding=\"async\" class=\"preload-me owl-lazy-load aspect\" src=\"data:image\/svg+xml,%3Csvg%20xmlns%3D&#39;http%3A%2F%2Fwww.w3.org%2F2000%2Fsvg&#39;%20viewBox%3D&#39;0%200%20768%20576&#39;%2F%3E\" data-src=\"https:\/\/www.tsv-bebra.de\/tennis\/wp-content\/uploads\/2025\/04\/provaru-1-768x576.webp\" data-srcset=\"https:\/\/www.tsv-bebra.de\/tennis\/wp-content\/uploads\/2025\/04\/provaru-1-768x576.webp 768w, https:\/\/www.tsv-bebra.de\/tennis\/wp-content\/uploads\/2025\/04\/provaru-1.webp 800w\" loading=\"eager\" style=\"--ratio: 768 \/ 576\" sizes=\"(max-width: 768px) 100vw, 768px\" alt=\"\" width=\"768\" height=\"576\"  \/><span class=\"gallery-rollover\"><span class=\"gallery-zoom-ico icomoon-the7-font-the7-zoom-06\"><span><\/span><\/span><\/span><\/a><\/article><article class=\"post visible post-4364 attachment type-attachment status-inherit hentry\"><a href=\"https:\/\/www.roehrig-werbung.de\/\" class=\"rollover-click-target rollover layzr-bg\" title=\"r\u00f6hrig\" data-dt-img-description=\"\"  data-large_image_width=\"800\" data-large_image_height = \"600\"  target=\"_blank\"><img decoding=\"async\" class=\"preload-me owl-lazy-load aspect\" src=\"data:image\/svg+xml,%3Csvg%20xmlns%3D&#39;http%3A%2F%2Fwww.w3.org%2F2000%2Fsvg&#39;%20viewBox%3D&#39;0%200%20768%20576&#39;%2F%3E\" data-src=\"https:\/\/www.tsv-bebra.de\/tennis\/wp-content\/uploads\/2025\/04\/roehrig-768x576.webp\" data-srcset=\"https:\/\/www.tsv-bebra.de\/tennis\/wp-content\/uploads\/2025\/04\/roehrig-768x576.webp 768w, https:\/\/www.tsv-bebra.de\/tennis\/wp-content\/uploads\/2025\/04\/roehrig.webp 800w\" loading=\"eager\" style=\"--ratio: 768 \/ 576\" sizes=\"(max-width: 768px) 100vw, 768px\" alt=\"\" width=\"768\" height=\"576\"  \/><span class=\"gallery-rollover\"><span class=\"gallery-zoom-ico icomoon-the7-font-the7-zoom-06\"><span><\/span><\/span><\/span><\/a><\/article><article class=\"post visible post-4365 attachment type-attachment status-inherit hentry\"><a href=\"https:\/\/www.facebook.com\/timo.schroeder.allfinanz\/\" class=\"rollover-click-target rollover layzr-bg\" title=\"timo schroeder\" data-dt-img-description=\"\"  data-large_image_width=\"800\" data-large_image_height = \"600\"  target=\"_blank\"><img decoding=\"async\" class=\"preload-me owl-lazy-load aspect\" src=\"data:image\/svg+xml,%3Csvg%20xmlns%3D&#39;http%3A%2F%2Fwww.w3.org%2F2000%2Fsvg&#39;%20viewBox%3D&#39;0%200%20768%20576&#39;%2F%3E\" data-src=\"https:\/\/www.tsv-bebra.de\/tennis\/wp-content\/uploads\/2025\/04\/timo-schroeder-768x576.webp\" data-srcset=\"https:\/\/www.tsv-bebra.de\/tennis\/wp-content\/uploads\/2025\/04\/timo-schroeder-768x576.webp 768w, https:\/\/www.tsv-bebra.de\/tennis\/wp-content\/uploads\/2025\/04\/timo-schroeder.webp 800w\" loading=\"eager\" style=\"--ratio: 768 \/ 576\" sizes=\"(max-width: 768px) 100vw, 768px\" alt=\"\" width=\"768\" height=\"576\"  \/><span class=\"gallery-rollover\"><span class=\"gallery-zoom-ico icomoon-the7-font-the7-zoom-06\"><span><\/span><\/span><\/span><\/a><\/article><article class=\"post visible post-4367 attachment type-attachment status-inherit hentry\"><a href=\"https:\/\/www.ullrich-bebra.de\/\" class=\"rollover-click-target rollover layzr-bg\" title=\"Ullrich\" data-dt-img-description=\"\"  data-large_image_width=\"800\" data-large_image_height = \"600\"  target=\"_blank\"><img decoding=\"async\" class=\"preload-me owl-lazy-load aspect\" src=\"data:image\/svg+xml,%3Csvg%20xmlns%3D&#39;http%3A%2F%2Fwww.w3.org%2F2000%2Fsvg&#39;%20viewBox%3D&#39;0%200%20768%20576&#39;%2F%3E\" data-src=\"https:\/\/www.tsv-bebra.de\/tennis\/wp-content\/uploads\/2025\/04\/Ullrich-2-768x576.webp\" data-srcset=\"https:\/\/www.tsv-bebra.de\/tennis\/wp-content\/uploads\/2025\/04\/Ullrich-2-768x576.webp 768w, https:\/\/www.tsv-bebra.de\/tennis\/wp-content\/uploads\/2025\/04\/Ullrich-2.webp 800w\" loading=\"eager\" style=\"--ratio: 768 \/ 576\" sizes=\"(max-width: 768px) 100vw, 768px\" alt=\"\" width=\"768\" height=\"576\"  \/><span class=\"gallery-rollover\"><span class=\"gallery-zoom-ico icomoon-the7-font-the7-zoom-06\"><span><\/span><\/span><\/span><\/a><\/article><\/div>[\/vc_column][\/vc_row]<\/p>\n<\/div>","protected":false},"excerpt":{"rendered":"<p>[vc_row full_width=&#8220;stretch_row&#8220;][vc_column width=&#8220;3\/5&#8243;][vc_column_text css=&#8220;&#8220;] Herzlich willkommen in der Tennisabteilung des TSV Bebra! Wir sind mehr als nur ein Sportverein \u2013 wir sind eine Gemeinschaft, die Sport, Spa\u00df und Teamgeist miteinander verbindet. Egal, ob Du Deine sportlichen F\u00e4higkeiten verbessern, Deine Gesundheit f\u00f6rdern oder einfach neue Leute kennenlernen m\u00f6chtest, bei uns bist Du genau richtig! Wir sind&hellip;<\/p>\n","protected":false},"author":2,"featured_media":0,"parent":0,"menu_order":0,"comment_status":"closed","ping_status":"closed","template":"","meta":{"footnotes":""},"class_list":["post-5","page","type-page","status-publish","hentry","description-off"],"_links":{"self":[{"href":"https:\/\/www.tsv-bebra.de\/tennis\/wp-json\/wp\/v2\/pages\/5","targetHints":{"allow":["GET"]}}],"collection":[{"href":"https:\/\/www.tsv-bebra.de\/tennis\/wp-json\/wp\/v2\/pages"}],"about":[{"href":"https:\/\/www.tsv-bebra.de\/tennis\/wp-json\/wp\/v2\/types\/page"}],"author":[{"embeddable":true,"href":"https:\/\/www.tsv-bebra.de\/tennis\/wp-json\/wp\/v2\/users\/2"}],"replies":[{"embeddable":true,"href":"https:\/\/www.tsv-bebra.de\/tennis\/wp-json\/wp\/v2\/comments?post=5"}],"version-history":[{"count":48,"href":"https:\/\/www.tsv-bebra.de\/tennis\/wp-json\/wp\/v2\/pages\/5\/revisions"}],"predecessor-version":[{"id":4408,"href":"https:\/\/www.tsv-bebra.de\/tennis\/wp-json\/wp\/v2\/pages\/5\/revisions\/4408"}],"wp:attachment":[{"href":"https:\/\/www.tsv-bebra.de\/tennis\/wp-json\/wp\/v2\/media?parent=5"}],"curies":[{"name":"wp","href":"https:\/\/api.w.org\/{rel}","templated":true}]}}