{"id":3932,"date":"2025-03-27T10:21:50","date_gmt":"2025-03-27T10:21:50","guid":{"rendered":"https:\/\/tsv.designyourit.de\/?page_id=3932"},"modified":"2025-05-13T16:21:35","modified_gmt":"2025-05-13T14:21:35","slug":"medenspiele","status":"publish","type":"page","link":"https:\/\/www.tsv-bebra.de\/tennis\/medenspiele\/","title":{"rendered":"Medenspiele"},"content":{"rendered":"<div class=\"wpb-content-wrapper\"><p>[vc_row][vc_column][vc_column_text css=&#8220;&#8220;]<\/p>\n<h2>Medenspiele<\/h2>\n<p>den kompletten Spielplan finden Sie auf den Seiten des HTV<\/p>\n<p><a href=\"https:\/\/htv.liga.nu\/cgi-bin\/WebObjects\/nuLigaTENDE.woa\/wa\/clubMeetings?club=25399\" target=\"_blank\" rel=\"HTV noopener\"><img loading=\"lazy\" decoding=\"async\" class=\"alignnone wp-image-4331\" src=\"https:\/\/www.tsv-bebra.de\/tennis\/wp-content\/uploads\/2025\/04\/htv-logo_neu.png\" alt=\"\" width=\"449\" height=\"152\" srcset=\"https:\/\/www.tsv-bebra.de\/tennis\/wp-content\/uploads\/2025\/04\/htv-logo_neu.png 718w, https:\/\/www.tsv-bebra.de\/tennis\/wp-content\/uploads\/2025\/04\/htv-logo_neu-300x102.png 300w\" sizes=\"auto, (max-width: 449px) 100vw, 449px\" \/><\/a><\/p>\n<p><a href=\"https:\/\/htv.liga.nu\/cgi-bin\/WebObjects\/nuLigaTENDE.woa\/wa\/clubMeetings?club=25399\" target=\"_blank\" rel=\"noopener\">externe Seite<\/a><\/p>\n<p>&nbsp;[\/vc_column_text][\/vc_column][\/vc_row][vc_row][vc_column][vc_column_text css=&#8220;&#8220;]<\/p>\n<h2>Unsere Heimspiele<\/h2>\n<p id=\"events_list_grouped\" class=\"anchor anchorWithStickyNavbar_LWe7\"><code><div class=\"em em-view-container\" id=\"em-view-2036719541\" data-view=\"list\">\r\n\t<div class=\"em pixelbones em-list em-events-list\" id=\"em-events-list-2036719541\" data-view-id=\"2036719541\">\r\n\tKeine  Veranstaltungen\t<\/div>\r\n<\/div><\/code><code><\/code><\/p>\n<p>[\/vc_column_text][\/vc_column][\/vc_row][vc_row][vc_column][vc_column_text css=&#8220;&#8220;]<\/p>\n<h3><\/h3>\n<h3>Vergangene Veranstaltungen<\/h3>\n<p><code><div class=\"em em-view-container\" id=\"em-view-2027328745\" data-view=\"list\">\r\n\t<div class=\"em pixelbones em-list em-events-list\" id=\"em-events-list-2027328745\" data-view-id=\"2027328745\">\r\n\t<div class=\"em-event em-item \" style=\"--default-border:#de2119;\">\n\t<div class=\"em-item-image \">\n\t\t\n\t\t<img src='https:\/\/www.tsv-bebra.de\/tennis\/wp-content\/uploads\/2025\/04\/IMG_20230916_115512-scaled.jpg' alt='Die Freiluftsaison beginnt wieder'\/>\n\t\t\n\t\t\n\t<\/div>\n\t<div class=\"em-item-info\">\n\t\t<h3 class=\"em-item-title\"><a href=\"https:\/\/www.tsv-bebra.de\/tennis\/events\/die-freiluftsaison-beginnt-wieder\/\">Die Freiluftsaison beginnt wieder<\/a><\/h3>\n\t\t\n\t\t<div class=\"em-event-meta em-item-meta\">\n\t\t\t<div class=\"em-item-meta-line em-event-date em-event-meta-datetime\">\n\t\t\t\t<span class=\"em-icon-calendar em-icon\"><\/span>\n\t\t\t\t3. Mai 2025&nbsp;&nbsp;&nbsp;&nbsp;\n\t\t\t<\/div>\n\t\t\t<div class=\"em-item-meta-line em-event-time em-event-meta-datetime\">\n\t\t\t\t<span class=\"em-icon-clock em-icon\"><\/span>\n\t\t\t\t10:30 - 18:00\n\t\t\t<\/div>\n\t\t\t\n\t\t\t\n\t\t\t<div class=\"em-item-meta-line em-event-location\">\n\t\t\t\t<span class=\"em-icon-location em-icon\"><\/span>\n\t\t\t\t<a href=\"https:\/\/www.tsv-bebra.de\/tennis\/locations\/tennisanlage-bebra\/\">Tennisanlage Bebra<\/a>\n\t\t\t<\/div>\n\t\t\t\n\t\t\t\n\t\t\t\n\t\t\t<div class=\"em-item-meta-line em-item-taxonomy em-event-categories\">\n\t\t\t\t<span class=\"em-icon-category em-icon\"><\/span>\n\t\t\t\t<div>\t<ul class=\"event-categories\">\r\n\t\t\t\t\t<li><a href=\"https:\/\/www.tsv-bebra.de\/tennis\/events\/categories\/tennisanlage\/\">Tennisanlage<\/a><\/li>\r\n\t\t\t<\/ul>\r\n\t<\/div>\n\t\t\t<\/div>\n\t\t\t\n\t\t\t\n\t\t<\/div>\n\t\t<div class=\"em-item-desc\">\n\t\t\tGrund genug, die Saison auf unserer sch\u00f6nen Anlage zu er\u00f6ffnen. Wir laden zu einigen gem\u00fctlichen Stunden am 03.05.2025 ab 10:30 Uhr ein. Der Grill wird [...]\n\t\t<\/div>\n\t\t<div class=\"em-item-actions input\">\n\t\t\t<a class=\"em-item-read-more button\" href=\"https:\/\/www.tsv-bebra.de\/tennis\/events\/die-freiluftsaison-beginnt-wieder\/\">Weitere Informationen<\/a>\n\t\t\t\n\t\t<\/div>\n\t<\/div>\n<\/div><div class=\"em-event em-item \" style=\"--default-border:#de2119;\">\n\t<div class=\"em-item-image \">\n\t\t\n\t\t<img src='https:\/\/www.tsv-bebra.de\/tennis\/wp-content\/uploads\/2025\/04\/IMG_20230916_115512-scaled.jpg' alt='Schleifchenturnier 2025'\/>\n\t\t\n\t\t\n\t<\/div>\n\t<div class=\"em-item-info\">\n\t\t<h3 class=\"em-item-title\"><a href=\"https:\/\/www.tsv-bebra.de\/tennis\/events\/schleifchenturnier-2025\/\">Schleifchenturnier 2025<\/a><\/h3>\n\t\t\n\t\t<div class=\"em-event-meta em-item-meta\">\n\t\t\t<div class=\"em-item-meta-line em-event-date em-event-meta-datetime\">\n\t\t\t\t<span class=\"em-icon-calendar em-icon\"><\/span>\n\t\t\t\t9. Mai 2025&nbsp;&nbsp;&nbsp;&nbsp;\n\t\t\t<\/div>\n\t\t\t<div class=\"em-item-meta-line em-event-time em-event-meta-datetime\">\n\t\t\t\t<span class=\"em-icon-clock em-icon\"><\/span>\n\t\t\t\t10:30 - 18:00\n\t\t\t<\/div>\n\t\t\t\n\t\t\t\n\t\t\t<div class=\"em-item-meta-line em-event-location\">\n\t\t\t\t<span class=\"em-icon-location em-icon\"><\/span>\n\t\t\t\t<a href=\"https:\/\/www.tsv-bebra.de\/tennis\/locations\/tennisanlage-bebra\/\">Tennisanlage Bebra<\/a>\n\t\t\t<\/div>\n\t\t\t\n\t\t\t\n\t\t\t\n\t\t\t<div class=\"em-item-meta-line em-item-taxonomy em-event-categories\">\n\t\t\t\t<span class=\"em-icon-category em-icon\"><\/span>\n\t\t\t\t<div>\t<ul class=\"event-categories\">\r\n\t\t\t\t\t<li><a href=\"https:\/\/www.tsv-bebra.de\/tennis\/events\/categories\/tennisanlage\/\">Tennisanlage<\/a><\/li>\r\n\t\t\t<\/ul>\r\n\t<\/div>\n\t\t\t<\/div>\n\t\t\t\n\t\t\t\n\t\t<\/div>\n\t\t<div class=\"em-item-desc\">\n\t\t\tEinladung zum Schleifchenturnier 2025 Liebe Tennisspieler\/innen, unser Schleifchenturnier in diesem Jahr findet am Pfingstmontag 09.Juni 2025 statt. Es werden Doppelpaarungen (m\u00f6glichstals Mixed) im Vorfeld ausgelost [...]\n\t\t<\/div>\n\t\t<div class=\"em-item-actions input\">\n\t\t\t<a class=\"em-item-read-more button\" href=\"https:\/\/www.tsv-bebra.de\/tennis\/events\/schleifchenturnier-2025\/\">Weitere Informationen<\/a>\n\t\t\t\n\t\t<\/div>\n\t<\/div>\n<\/div><div class=\"em-event em-item \" style=\"--default-border:#de2119;\">\n\t<div class=\"em-item-image \">\n\t\t\n\t\t<img src='https:\/\/www.tsv-bebra.de\/tennis\/wp-content\/uploads\/2025\/02\/tennis-7932067_1280.jpg' alt='Medenspiel - 10.05.2025'\/>\n\t\t\n\t\t\n\t<\/div>\n\t<div class=\"em-item-info\">\n\t\t<h3 class=\"em-item-title\"><a href=\"https:\/\/www.tsv-bebra.de\/tennis\/events\/medenspiel-10-05-2025\/\">Medenspiel - 10.05.2025<\/a><\/h3>\n\t\t\n\t\t<div class=\"em-event-meta em-item-meta\">\n\t\t\t<div class=\"em-item-meta-line em-event-date em-event-meta-datetime\">\n\t\t\t\t<span class=\"em-icon-calendar em-icon\"><\/span>\n\t\t\t\t10. Mai 2025&nbsp;&nbsp;&nbsp;&nbsp;\n\t\t\t<\/div>\n\t\t\t<div class=\"em-item-meta-line em-event-time em-event-meta-datetime\">\n\t\t\t\t<span class=\"em-icon-clock em-icon\"><\/span>\n\t\t\t\t09:00 - 13:00\n\t\t\t<\/div>\n\t\t\t\n\t\t\t\n\t\t\t<div class=\"em-item-meta-line em-event-location\">\n\t\t\t\t<span class=\"em-icon-location em-icon\"><\/span>\n\t\t\t\t<a href=\"https:\/\/www.tsv-bebra.de\/tennis\/locations\/tennisanlage-bebra\/\">Tennisanlage Bebra<\/a>\n\t\t\t<\/div>\n\t\t\t\n\t\t\t\n\t\t\t\n\t\t\t<div class=\"em-item-meta-line em-item-taxonomy em-event-categories\">\n\t\t\t\t<span class=\"em-icon-category em-icon\"><\/span>\n\t\t\t\t<div>\t<ul class=\"event-categories\">\r\n\t\t\t\t\t<li><a href=\"https:\/\/www.tsv-bebra.de\/tennis\/events\/categories\/medenspiele\/\">Medenspiele<\/a><\/li>\r\n\t\t\t<\/ul>\r\n\t<\/div>\n\t\t\t<\/div>\n\t\t\t\n\t\t\t\n\t\t<\/div>\n\t\t<div class=\"em-item-desc\">\n\t\t\tH60 KA - TSV Bebra - MSG TV Ronshausen\/TV Breitenbach Spielbericht unter: Spielbericht\n\t\t<\/div>\n\t\t<div class=\"em-item-actions input\">\n\t\t\t<a class=\"em-item-read-more button\" href=\"https:\/\/www.tsv-bebra.de\/tennis\/events\/medenspiel-10-05-2025\/\">Weitere Informationen<\/a>\n\t\t\t\n\t\t<\/div>\n\t<\/div>\n<\/div><div class=\"em-event em-item \" style=\"--default-border:#de2119;\">\n\t<div class=\"em-item-image \">\n\t\t\n\t\t<img src='https:\/\/www.tsv-bebra.de\/tennis\/wp-content\/uploads\/2025\/02\/tennis-7932067_1280.jpg' alt='Medenspiel - 17.05.2025'\/>\n\t\t\n\t\t\n\t<\/div>\n\t<div class=\"em-item-info\">\n\t\t<h3 class=\"em-item-title\"><a href=\"https:\/\/www.tsv-bebra.de\/tennis\/events\/medenspiel-17-05-2025\/\">Medenspiel - 17.05.2025<\/a><\/h3>\n\t\t\n\t\t<div class=\"em-event-meta em-item-meta\">\n\t\t\t<div class=\"em-item-meta-line em-event-date em-event-meta-datetime\">\n\t\t\t\t<span class=\"em-icon-calendar em-icon\"><\/span>\n\t\t\t\t17. Mai 2025&nbsp;&nbsp;&nbsp;&nbsp;\n\t\t\t<\/div>\n\t\t\t<div class=\"em-item-meta-line em-event-time em-event-meta-datetime\">\n\t\t\t\t<span class=\"em-icon-clock em-icon\"><\/span>\n\t\t\t\t14:00 - 18:00\n\t\t\t<\/div>\n\t\t\t\n\t\t\t\n\t\t\t<div class=\"em-item-meta-line em-event-location\">\n\t\t\t\t<span class=\"em-icon-location em-icon\"><\/span>\n\t\t\t\t<a href=\"https:\/\/www.tsv-bebra.de\/tennis\/locations\/tennisanlage-bebra\/\">Tennisanlage Bebra<\/a>\n\t\t\t<\/div>\n\t\t\t\n\t\t\t\n\t\t\t\n\t\t\t<div class=\"em-item-meta-line em-item-taxonomy em-event-categories\">\n\t\t\t\t<span class=\"em-icon-category em-icon\"><\/span>\n\t\t\t\t<div>\t<ul class=\"event-categories\">\r\n\t\t\t\t\t<li><a href=\"https:\/\/www.tsv-bebra.de\/tennis\/events\/categories\/medenspiele\/\">Medenspiele<\/a><\/li>\r\n\t\t\t<\/ul>\r\n\t<\/div>\n\t\t\t<\/div>\n\t\t\t\n\t\t\t\n\t\t<\/div>\n\t\t<div class=\"em-item-desc\">\n\t\t\tG12 KA - MSG TSV Bebra\/BW Bad Hersfeld III - MSG BW Homberg\/TC 77 Maden Spielbericht unter: Spielbericht\n\t\t<\/div>\n\t\t<div class=\"em-item-actions input\">\n\t\t\t<a class=\"em-item-read-more button\" href=\"https:\/\/www.tsv-bebra.de\/tennis\/events\/medenspiel-17-05-2025\/\">Weitere Informationen<\/a>\n\t\t\t\n\t\t<\/div>\n\t<\/div>\n<\/div><div class=\"em-event em-item \" style=\"--default-border:#de2119;\">\n\t<div class=\"em-item-image \">\n\t\t\n\t\t<img src='https:\/\/www.tsv-bebra.de\/tennis\/wp-content\/uploads\/2025\/02\/tennis-7932067_1280.jpg' alt='Medenspiel - 24.05.2025'\/>\n\t\t\n\t\t\n\t<\/div>\n\t<div class=\"em-item-info\">\n\t\t<h3 class=\"em-item-title\"><a href=\"https:\/\/www.tsv-bebra.de\/tennis\/events\/medenspiel-24-05-2025\/\">Medenspiel - 24.05.2025<\/a><\/h3>\n\t\t\n\t\t<div class=\"em-event-meta em-item-meta\">\n\t\t\t<div class=\"em-item-meta-line em-event-date em-event-meta-datetime\">\n\t\t\t\t<span class=\"em-icon-calendar em-icon\"><\/span>\n\t\t\t\t24. Mai 2025&nbsp;&nbsp;&nbsp;&nbsp;\n\t\t\t<\/div>\n\t\t\t<div class=\"em-item-meta-line em-event-time em-event-meta-datetime\">\n\t\t\t\t<span class=\"em-icon-clock em-icon\"><\/span>\n\t\t\t\t09:00 - 13:00\n\t\t\t<\/div>\n\t\t\t\n\t\t\t\n\t\t\t<div class=\"em-item-meta-line em-event-location\">\n\t\t\t\t<span class=\"em-icon-location em-icon\"><\/span>\n\t\t\t\t<a href=\"https:\/\/www.tsv-bebra.de\/tennis\/locations\/tennisanlage-bebra\/\">Tennisanlage Bebra<\/a>\n\t\t\t<\/div>\n\t\t\t\n\t\t\t\n\t\t\t\n\t\t\t<div class=\"em-item-meta-line em-item-taxonomy em-event-categories\">\n\t\t\t\t<span class=\"em-icon-category em-icon\"><\/span>\n\t\t\t\t<div>\t<ul class=\"event-categories\">\r\n\t\t\t\t\t<li><a href=\"https:\/\/www.tsv-bebra.de\/tennis\/events\/categories\/medenspiele\/\">Medenspiele<\/a><\/li>\r\n\t\t\t<\/ul>\r\n\t<\/div>\n\t\t\t<\/div>\n\t\t\t\n\t\t\t\n\t\t<\/div>\n\t\t<div class=\"em-item-desc\">\n\t\t\tH60 KA - TSV Bebra - TC 88 Sachsenhausen Spielbericht unter: Spielbericht\n\t\t<\/div>\n\t\t<div class=\"em-item-actions input\">\n\t\t\t<a class=\"em-item-read-more button\" href=\"https:\/\/www.tsv-bebra.de\/tennis\/events\/medenspiel-24-05-2025\/\">Weitere Informationen<\/a>\n\t\t\t\n\t\t<\/div>\n\t<\/div>\n<\/div><div class=\"em-event em-item \" style=\"--default-border:#de2119;\">\n\t<div class=\"em-item-image \">\n\t\t\n\t\t<img src='https:\/\/www.tsv-bebra.de\/tennis\/wp-content\/uploads\/2025\/02\/tennis-7932067_1280.jpg' alt='Medenspiel - 24.05.2025'\/>\n\t\t\n\t\t\n\t<\/div>\n\t<div class=\"em-item-info\">\n\t\t<h3 class=\"em-item-title\"><a href=\"https:\/\/www.tsv-bebra.de\/tennis\/events\/medenspiel-24-05-2025-2\/\">Medenspiel - 24.05.2025<\/a><\/h3>\n\t\t\n\t\t<div class=\"em-event-meta em-item-meta\">\n\t\t\t<div class=\"em-item-meta-line em-event-date em-event-meta-datetime\">\n\t\t\t\t<span class=\"em-icon-calendar em-icon\"><\/span>\n\t\t\t\t24. Mai 2025&nbsp;&nbsp;&nbsp;&nbsp;\n\t\t\t<\/div>\n\t\t\t<div class=\"em-item-meta-line em-event-time em-event-meta-datetime\">\n\t\t\t\t<span class=\"em-icon-clock em-icon\"><\/span>\n\t\t\t\t14:00 - 18:00\n\t\t\t<\/div>\n\t\t\t\n\t\t\t\n\t\t\t<div class=\"em-item-meta-line em-event-location\">\n\t\t\t\t<span class=\"em-icon-location em-icon\"><\/span>\n\t\t\t\t<a href=\"https:\/\/www.tsv-bebra.de\/tennis\/locations\/tennisanlage-bebra\/\">Tennisanlage Bebra<\/a>\n\t\t\t<\/div>\n\t\t\t\n\t\t\t\n\t\t\t\n\t\t\t<div class=\"em-item-meta-line em-item-taxonomy em-event-categories\">\n\t\t\t\t<span class=\"em-icon-category em-icon\"><\/span>\n\t\t\t\t<div>\t<ul class=\"event-categories\">\r\n\t\t\t\t\t<li><a href=\"https:\/\/www.tsv-bebra.de\/tennis\/events\/categories\/medenspiele\/\">Medenspiele<\/a><\/li>\r\n\t\t\t<\/ul>\r\n\t<\/div>\n\t\t\t<\/div>\n\t\t\t\n\t\t\t\n\t\t<\/div>\n\t\t<div class=\"em-item-desc\">\n\t\t\tH50 KA - TSV Bebra - BW H\u00fcnfeld Spielbericht unter: Spielbericht\n\t\t<\/div>\n\t\t<div class=\"em-item-actions input\">\n\t\t\t<a class=\"em-item-read-more button\" href=\"https:\/\/www.tsv-bebra.de\/tennis\/events\/medenspiel-24-05-2025-2\/\">Weitere Informationen<\/a>\n\t\t\t\n\t\t<\/div>\n\t<\/div>\n<\/div><div class=\"em-event em-item \" style=\"--default-border:#de2119;\">\n\t<div class=\"em-item-image \">\n\t\t\n\t\t<img src='https:\/\/www.tsv-bebra.de\/tennis\/wp-content\/uploads\/2025\/02\/tennis-7932067_1280.jpg' alt='Medenspiel - 25.05.2025'\/>\n\t\t\n\t\t\n\t<\/div>\n\t<div class=\"em-item-info\">\n\t\t<h3 class=\"em-item-title\"><a href=\"https:\/\/www.tsv-bebra.de\/tennis\/events\/medenspiel-25-05-2025\/\">Medenspiel - 25.05.2025<\/a><\/h3>\n\t\t\n\t\t<div class=\"em-event-meta em-item-meta\">\n\t\t\t<div class=\"em-item-meta-line em-event-date em-event-meta-datetime\">\n\t\t\t\t<span class=\"em-icon-calendar em-icon\"><\/span>\n\t\t\t\t25. Mai 2025&nbsp;&nbsp;&nbsp;&nbsp;\n\t\t\t<\/div>\n\t\t\t<div class=\"em-item-meta-line em-event-time em-event-meta-datetime\">\n\t\t\t\t<span class=\"em-icon-clock em-icon\"><\/span>\n\t\t\t\t09:00 - 13:00\n\t\t\t<\/div>\n\t\t\t\n\t\t\t\n\t\t\t<div class=\"em-item-meta-line em-event-location\">\n\t\t\t\t<span class=\"em-icon-location em-icon\"><\/span>\n\t\t\t\t<a href=\"https:\/\/www.tsv-bebra.de\/tennis\/locations\/tennisanlage-bebra\/\">Tennisanlage Bebra<\/a>\n\t\t\t<\/div>\n\t\t\t\n\t\t\t\n\t\t\t\n\t\t\t<div class=\"em-item-meta-line em-item-taxonomy em-event-categories\">\n\t\t\t\t<span class=\"em-icon-category em-icon\"><\/span>\n\t\t\t\t<div>\t<ul class=\"event-categories\">\r\n\t\t\t\t\t<li><a href=\"https:\/\/www.tsv-bebra.de\/tennis\/events\/categories\/medenspiele\/\">Medenspiele<\/a><\/li>\r\n\t\t\t<\/ul>\r\n\t<\/div>\n\t\t\t<\/div>\n\t\t\t\n\t\t\t\n\t\t<\/div>\n\t\t<div class=\"em-item-desc\">\n\t\t\tD60 (4er) - GL TSV Bebra - MSG TV Biebertal\/TC Heuchelheim Spielbericht unter: Spielbericht\n\t\t<\/div>\n\t\t<div class=\"em-item-actions input\">\n\t\t\t<a class=\"em-item-read-more button\" href=\"https:\/\/www.tsv-bebra.de\/tennis\/events\/medenspiel-25-05-2025\/\">Weitere Informationen<\/a>\n\t\t\t\n\t\t<\/div>\n\t<\/div>\n<\/div><div class=\"em-event em-item \" style=\"--default-border:#de2119;\">\n\t<div class=\"em-item-image \">\n\t\t\n\t\t<img src='https:\/\/www.tsv-bebra.de\/tennis\/wp-content\/uploads\/2025\/02\/tennis-7932067_1280.jpg' alt='Medenspiel - 14.06.2025'\/>\n\t\t\n\t\t\n\t<\/div>\n\t<div class=\"em-item-info\">\n\t\t<h3 class=\"em-item-title\"><a href=\"https:\/\/www.tsv-bebra.de\/tennis\/events\/medenspiel-14-06-2025\/\">Medenspiel - 14.06.2025<\/a><\/h3>\n\t\t\n\t\t<div class=\"em-event-meta em-item-meta\">\n\t\t\t<div class=\"em-item-meta-line em-event-date em-event-meta-datetime\">\n\t\t\t\t<span class=\"em-icon-calendar em-icon\"><\/span>\n\t\t\t\t14. Juni 2025&nbsp;&nbsp;&nbsp;&nbsp;\n\t\t\t<\/div>\n\t\t\t<div class=\"em-item-meta-line em-event-time em-event-meta-datetime\">\n\t\t\t\t<span class=\"em-icon-clock em-icon\"><\/span>\n\t\t\t\t09:00 - 13:00\n\t\t\t<\/div>\n\t\t\t\n\t\t\t\n\t\t\t<div class=\"em-item-meta-line em-event-location\">\n\t\t\t\t<span class=\"em-icon-location em-icon\"><\/span>\n\t\t\t\t<a href=\"https:\/\/www.tsv-bebra.de\/tennis\/locations\/tennisanlage-bebra\/\">Tennisanlage Bebra<\/a>\n\t\t\t<\/div>\n\t\t\t\n\t\t\t\n\t\t\t\n\t\t\t<div class=\"em-item-meta-line em-item-taxonomy em-event-categories\">\n\t\t\t\t<span class=\"em-icon-category em-icon\"><\/span>\n\t\t\t\t<div>\t<ul class=\"event-categories\">\r\n\t\t\t\t\t<li><a href=\"https:\/\/www.tsv-bebra.de\/tennis\/events\/categories\/medenspiele\/\">Medenspiele<\/a><\/li>\r\n\t\t\t<\/ul>\r\n\t<\/div>\n\t\t\t<\/div>\n\t\t\t\n\t\t\t\n\t\t<\/div>\n\t\t<div class=\"em-item-desc\">\n\t\t\tG12 KA MSG TSV Bebra\/BW Bad Hersfeld - MSG BW Homberg\/TC 77 Maden II Spielbericht unter: Spielbericht\n\t\t<\/div>\n\t\t<div class=\"em-item-actions input\">\n\t\t\t<a class=\"em-item-read-more button\" href=\"https:\/\/www.tsv-bebra.de\/tennis\/events\/medenspiel-14-06-2025\/\">Weitere Informationen<\/a>\n\t\t\t\n\t\t<\/div>\n\t<\/div>\n<\/div><div class=\"em-event em-item \" style=\"--default-border:#de2119;\">\n\t<div class=\"em-item-image \">\n\t\t\n\t\t<img src='https:\/\/www.tsv-bebra.de\/tennis\/wp-content\/uploads\/2025\/02\/tennis-7932067_1280.jpg' alt='Medenspiel - 14.06.2025'\/>\n\t\t\n\t\t\n\t<\/div>\n\t<div class=\"em-item-info\">\n\t\t<h3 class=\"em-item-title\"><a href=\"https:\/\/www.tsv-bebra.de\/tennis\/events\/medenspiel-14-06-2025-2\/\">Medenspiel - 14.06.2025<\/a><\/h3>\n\t\t\n\t\t<div class=\"em-event-meta em-item-meta\">\n\t\t\t<div class=\"em-item-meta-line em-event-date em-event-meta-datetime\">\n\t\t\t\t<span class=\"em-icon-calendar em-icon\"><\/span>\n\t\t\t\t14. Juni 2025&nbsp;&nbsp;&nbsp;&nbsp;\n\t\t\t<\/div>\n\t\t\t<div class=\"em-item-meta-line em-event-time em-event-meta-datetime\">\n\t\t\t\t<span class=\"em-icon-clock em-icon\"><\/span>\n\t\t\t\t14:00 - 18:00\n\t\t\t<\/div>\n\t\t\t\n\t\t\t\n\t\t\t<div class=\"em-item-meta-line em-event-location\">\n\t\t\t\t<span class=\"em-icon-location em-icon\"><\/span>\n\t\t\t\t<a href=\"https:\/\/www.tsv-bebra.de\/tennis\/locations\/tennisanlage-bebra\/\">Tennisanlage Bebra<\/a>\n\t\t\t<\/div>\n\t\t\t\n\t\t\t\n\t\t\t\n\t\t\t<div class=\"em-item-meta-line em-item-taxonomy em-event-categories\">\n\t\t\t\t<span class=\"em-icon-category em-icon\"><\/span>\n\t\t\t\t<div>\t<ul class=\"event-categories\">\r\n\t\t\t\t\t<li><a href=\"https:\/\/www.tsv-bebra.de\/tennis\/events\/categories\/medenspiele\/\">Medenspiele<\/a><\/li>\r\n\t\t\t<\/ul>\r\n\t<\/div>\n\t\t\t<\/div>\n\t\t\t\n\t\t\t\n\t\t<\/div>\n\t\t<div class=\"em-item-desc\">\n\t\t\tG12 KA MSG TSV Bebra\/BW Bad Hersfeld II - TC N\u00fcsttal Spielbericht unter: Spielbericht\n\t\t<\/div>\n\t\t<div class=\"em-item-actions input\">\n\t\t\t<a class=\"em-item-read-more button\" href=\"https:\/\/www.tsv-bebra.de\/tennis\/events\/medenspiel-14-06-2025-2\/\">Weitere Informationen<\/a>\n\t\t\t\n\t\t<\/div>\n\t<\/div>\n<\/div><div class=\"em-event em-item \" style=\"--default-border:#de2119;\">\n\t<div class=\"em-item-image \">\n\t\t\n\t\t<img src='https:\/\/www.tsv-bebra.de\/tennis\/wp-content\/uploads\/2025\/02\/tennis-7932067_1280.jpg' alt='Medenspiel - 14.06.2025'\/>\n\t\t\n\t\t\n\t<\/div>\n\t<div class=\"em-item-info\">\n\t\t<h3 class=\"em-item-title\"><a href=\"https:\/\/www.tsv-bebra.de\/tennis\/events\/medenspiel-14-06-2025-3\/\">Medenspiel - 14.06.2025<\/a><\/h3>\n\t\t\n\t\t<div class=\"em-event-meta em-item-meta\">\n\t\t\t<div class=\"em-item-meta-line em-event-date em-event-meta-datetime\">\n\t\t\t\t<span class=\"em-icon-calendar em-icon\"><\/span>\n\t\t\t\t14. Juni 2025&nbsp;&nbsp;&nbsp;&nbsp;\n\t\t\t<\/div>\n\t\t\t<div class=\"em-item-meta-line em-event-time em-event-meta-datetime\">\n\t\t\t\t<span class=\"em-icon-clock em-icon\"><\/span>\n\t\t\t\t14:00 - 18:00\n\t\t\t<\/div>\n\t\t\t\n\t\t\t\n\t\t\t<div class=\"em-item-meta-line em-event-location\">\n\t\t\t\t<span class=\"em-icon-location em-icon\"><\/span>\n\t\t\t\t<a href=\"https:\/\/www.tsv-bebra.de\/tennis\/locations\/tennisanlage-bebra\/\">Tennisanlage Bebra<\/a>\n\t\t\t<\/div>\n\t\t\t\n\t\t\t\n\t\t\t\n\t\t\t<div class=\"em-item-meta-line em-item-taxonomy em-event-categories\">\n\t\t\t\t<span class=\"em-icon-category em-icon\"><\/span>\n\t\t\t\t<div>\t<ul class=\"event-categories\">\r\n\t\t\t\t\t<li><a href=\"https:\/\/www.tsv-bebra.de\/tennis\/events\/categories\/medenspiele\/\">Medenspiele<\/a><\/li>\r\n\t\t\t<\/ul>\r\n\t<\/div>\n\t\t\t<\/div>\n\t\t\t\n\t\t\t\n\t\t<\/div>\n\t\t<div class=\"em-item-desc\">\n\t\t\tG12 KA MSG TSV Bebra\/BW Bad Hersfeld III - MSG ST Lohfelden\/SV Kaufungen Spielbericht unter: Spielbericht\n\t\t<\/div>\n\t\t<div class=\"em-item-actions input\">\n\t\t\t<a class=\"em-item-read-more button\" href=\"https:\/\/www.tsv-bebra.de\/tennis\/events\/medenspiel-14-06-2025-3\/\">Weitere Informationen<\/a>\n\t\t\t\n\t\t<\/div>\n\t<\/div>\n<\/div>\t<\/div>\r\n<\/div><\/code><\/p>\n<p>&nbsp;[\/vc_column_text][\/vc_column][\/vc_row]<\/p>\n<\/div>","protected":false},"excerpt":{"rendered":"<p>[vc_row][vc_column][vc_column_text css=&#8220;&#8220;] Medenspiele den kompletten Spielplan finden Sie auf den Seiten des HTV externe Seite &nbsp;[\/vc_column_text][\/vc_column][\/vc_row][vc_row][vc_column][vc_column_text css=&#8220;&#8220;] Unsere Heimspiele [\/vc_column_text][\/vc_column][\/vc_row][vc_row][vc_column][vc_column_text css=&#8220;&#8220;] Vergangene Veranstaltungen &nbsp;[\/vc_column_text][\/vc_column][\/vc_row]<\/p>\n","protected":false},"author":2,"featured_media":0,"parent":0,"menu_order":0,"comment_status":"closed","ping_status":"closed","template":"","meta":{"footnotes":""},"class_list":["post-3932","page","type-page","status-publish","hentry","description-off"],"_links":{"self":[{"href":"https:\/\/www.tsv-bebra.de\/tennis\/wp-json\/wp\/v2\/pages\/3932","targetHints":{"allow":["GET"]}}],"collection":[{"href":"https:\/\/www.tsv-bebra.de\/tennis\/wp-json\/wp\/v2\/pages"}],"about":[{"href":"https:\/\/www.tsv-bebra.de\/tennis\/wp-json\/wp\/v2\/types\/page"}],"author":[{"embeddable":true,"href":"https:\/\/www.tsv-bebra.de\/tennis\/wp-json\/wp\/v2\/users\/2"}],"replies":[{"embeddable":true,"href":"https:\/\/www.tsv-bebra.de\/tennis\/wp-json\/wp\/v2\/comments?post=3932"}],"version-history":[{"count":23,"href":"https:\/\/www.tsv-bebra.de\/tennis\/wp-json\/wp\/v2\/pages\/3932\/revisions"}],"predecessor-version":[{"id":4543,"href":"https:\/\/www.tsv-bebra.de\/tennis\/wp-json\/wp\/v2\/pages\/3932\/revisions\/4543"}],"wp:attachment":[{"href":"https:\/\/www.tsv-bebra.de\/tennis\/wp-json\/wp\/v2\/media?parent=3932"}],"curies":[{"name":"wp","href":"https:\/\/api.w.org\/{rel}","templated":true}]}}